{"id":5167,"date":"2024-04-06T10:38:26","date_gmt":"2024-04-06T08:38:26","guid":{"rendered":"https:\/\/www.ceciledescombes.com\/?page_id=5167"},"modified":"2024-04-24T21:45:28","modified_gmt":"2024-04-24T19:45:28","slug":"lookbook","status":"publish","type":"page","link":"https:\/\/www.ceciledescombes.com\/index.php\/lookbook\/","title":{"rendered":"Lookbook"},"content":{"rendered":"<div class=\"wpb-content-wrapper\">[vc_row][vc_column][vc_column_text]\n<h1><span style=\"color: #f75d10;\">Lookbook<\/span><\/h1>\n[\/vc_column_text][\/vc_column][\/vc_row][vc_row][vc_column width=\u00a0\u00bb2\/3&Prime;]\r\n\t\t<div class=\"et-banner-69e89cbcc723a et-banner content-full  image-type-fluid has-alt-image text-color-dark hover-effect hover-zoom \" ><a href=\"https:\/\/www.ceciledescombes.com\/index.php\/lookbook\/le-courcelles\/\" class=\"et-banner-link et-banner-link-full\"><img loading=\"lazy\" decoding=\"async\" width=\"934\" height=\"1024\" src=\"https:\/\/www.ceciledescombes.com\/wp-content\/uploads\/2024\/03\/228-IMG_4587-3-1-e1712407023761-934x1024.jpg\" class=\"et-banner-main-image\" alt=\"\" sizes=\"auto, (max-width: 934px) 100vw, 934px\" srcset=\"https:\/\/www.ceciledescombes.com\/wp-content\/uploads\/2024\/03\/228-IMG_4587-3-1-e1712407023761-934x1024.jpg 934w, https:\/\/www.ceciledescombes.com\/wp-content\/uploads\/2024\/03\/228-IMG_4587-3-1-e1712407023761-274x300.jpg 274w, https:\/\/www.ceciledescombes.com\/wp-content\/uploads\/2024\/03\/228-IMG_4587-3-1-e1712407023761-768x842.jpg 768w, https:\/\/www.ceciledescombes.com\/wp-content\/uploads\/2024\/03\/228-IMG_4587-3-1-e1712407023761-1401x1536.jpg 1401w, https:\/\/www.ceciledescombes.com\/wp-content\/uploads\/2024\/03\/228-IMG_4587-3-1-e1712407023761-137x150.jpg 137w, https:\/\/www.ceciledescombes.com\/wp-content\/uploads\/2024\/03\/228-IMG_4587-3-1-e1712407023761-450x493.jpg 450w, https:\/\/www.ceciledescombes.com\/wp-content\/uploads\/2024\/03\/228-IMG_4587-3-1-e1712407023761-900x987.jpg 900w, https:\/\/www.ceciledescombes.com\/wp-content\/uploads\/2024\/03\/228-IMG_4587-3-1-e1712407023761.jpg 1556w\" \/><img loading=\"lazy\" decoding=\"async\" width=\"934\" height=\"1024\" src=\"https:\/\/www.ceciledescombes.com\/wp-content\/uploads\/2024\/03\/228-IMG_4587-3-1-e1712407023761-934x1024.jpg\" class=\"et-banner-alt-image\" alt=\"\" srcset=\"https:\/\/www.ceciledescombes.com\/wp-content\/uploads\/2024\/03\/228-IMG_4587-3-1-e1712407023761-934x1024.jpg 934w, https:\/\/www.ceciledescombes.com\/wp-content\/uploads\/2024\/03\/228-IMG_4587-3-1-e1712407023761-274x300.jpg 274w, https:\/\/www.ceciledescombes.com\/wp-content\/uploads\/2024\/03\/228-IMG_4587-3-1-e1712407023761-768x842.jpg 768w, https:\/\/www.ceciledescombes.com\/wp-content\/uploads\/2024\/03\/228-IMG_4587-3-1-e1712407023761-1401x1536.jpg 1401w, https:\/\/www.ceciledescombes.com\/wp-content\/uploads\/2024\/03\/228-IMG_4587-3-1-e1712407023761-137x150.jpg 137w, https:\/\/www.ceciledescombes.com\/wp-content\/uploads\/2024\/03\/228-IMG_4587-3-1-e1712407023761-450x493.jpg 450w, https:\/\/www.ceciledescombes.com\/wp-content\/uploads\/2024\/03\/228-IMG_4587-3-1-e1712407023761-900x987.jpg 900w, https:\/\/www.ceciledescombes.com\/wp-content\/uploads\/2024\/03\/228-IMG_4587-3-1-e1712407023761.jpg 1556w\" sizes=\"auto, (max-width: 934px) 100vw, 934px\" \/>\r\n\t\t\t<div class=\"et-banner-content\">\r\n\t\t\t\t<div class=\"et-banner-content-inner container\">\r\n\t\t\t\t\t<div class=\"et-banner-text h_left v_bottom align_left\">\r\n\t\t\t\t\t\t<div class=\"et-banner-text-inner animated\" data-animate=\"et-fadeInUp\"><h2 class=\"et-banner-title color-accent medium\">Le ``Courcelles``<\/h2><\/div>\r\n\t\t\t\t\t<\/div>\r\n\t\t\t\t<\/div>\r\n\t\t\t<\/div><\/a>\r\n\t\t<\/div>[\/vc_column][vc_column width=\u00a0\u00bb1\/3&Prime;][vc_empty_space]\r\n\t\t<div class=\"et-banner-69e89cbcc7b1e et-banner content-full  image-type-fluid has-alt-image text-color-dark hover-effect hover-zoom \" ><a href=\"https:\/\/www.ceciledescombes.com\/index.php\/lookbook\/laccroche-coeur\/\" class=\"et-banner-link et-banner-link-full\"><img loading=\"lazy\" decoding=\"async\" width=\"768\" height=\"1024\" src=\"https:\/\/www.ceciledescombes.com\/wp-content\/uploads\/2024\/04\/IMG_2671-1-768x1024.jpg\" class=\"et-banner-main-image\" alt=\"\" sizes=\"auto, (max-width: 768px) 100vw, 768px\" srcset=\"https:\/\/www.ceciledescombes.com\/wp-content\/uploads\/2024\/04\/IMG_2671-1-768x1024.jpg 768w, https:\/\/www.ceciledescombes.com\/wp-content\/uploads\/2024\/04\/IMG_2671-1-225x300.jpg 225w, https:\/\/www.ceciledescombes.com\/wp-content\/uploads\/2024\/04\/IMG_2671-1-1152x1536.jpg 1152w, https:\/\/www.ceciledescombes.com\/wp-content\/uploads\/2024\/04\/IMG_2671-1-1536x2048.jpg 1536w, https:\/\/www.ceciledescombes.com\/wp-content\/uploads\/2024\/04\/IMG_2671-1-113x150.jpg 113w, https:\/\/www.ceciledescombes.com\/wp-content\/uploads\/2024\/04\/IMG_2671-1-450x600.jpg 450w, https:\/\/www.ceciledescombes.com\/wp-content\/uploads\/2024\/04\/IMG_2671-1-900x1200.jpg 900w, https:\/\/www.ceciledescombes.com\/wp-content\/uploads\/2024\/04\/IMG_2671-1-scaled.jpg 1920w\" \/><img loading=\"lazy\" decoding=\"async\" width=\"1024\" height=\"640\" src=\"https:\/\/www.ceciledescombes.com\/wp-content\/uploads\/2024\/04\/JYL_5461-29-1024x640.jpg\" class=\"et-banner-alt-image\" alt=\"\" srcset=\"https:\/\/www.ceciledescombes.com\/wp-content\/uploads\/2024\/04\/JYL_5461-29-1024x640.jpg 1024w, https:\/\/www.ceciledescombes.com\/wp-content\/uploads\/2024\/04\/JYL_5461-29-300x188.jpg 300w, https:\/\/www.ceciledescombes.com\/wp-content\/uploads\/2024\/04\/JYL_5461-29-768x480.jpg 768w, https:\/\/www.ceciledescombes.com\/wp-content\/uploads\/2024\/04\/JYL_5461-29-150x94.jpg 150w, https:\/\/www.ceciledescombes.com\/wp-content\/uploads\/2024\/04\/JYL_5461-29-450x281.jpg 450w, https:\/\/www.ceciledescombes.com\/wp-content\/uploads\/2024\/04\/JYL_5461-29-900x563.jpg 900w, https:\/\/www.ceciledescombes.com\/wp-content\/uploads\/2024\/04\/JYL_5461-29.jpg 1350w\" sizes=\"auto, (max-width: 1024px) 100vw, 1024px\" \/>\r\n\t\t\t<div class=\"et-banner-content\">\r\n\t\t\t\t<div class=\"et-banner-content-inner container\">\r\n\t\t\t\t\t<div class=\"et-banner-text h_left v_bottom align_center\">\r\n\t\t\t\t\t\t<div class=\"et-banner-text-inner animated\" data-animate=\"et-fadeInUp\"><h1 class=\"et-banner-title color-light small\">``L'accroche-c\u0153ur``<\/h1><\/div>\r\n\t\t\t\t\t<\/div>\r\n\t\t\t\t<\/div>\r\n\t\t\t<\/div><\/a>\r\n\t\t<\/div>[vc_empty_space]\r\n\t\t<div class=\"et-banner-69e89cbcc8504 et-banner content-full  image-type-fluid has-alt-image text-color-dark hover-effect hover-zoom \" ><a href=\"https:\/\/www.ceciledescombes.com\/index.php\/lookbook\/le-ballard\/\" class=\"et-banner-link et-banner-link-full\"><img loading=\"lazy\" decoding=\"async\" width=\"1024\" height=\"1024\" src=\"https:\/\/www.ceciledescombes.com\/wp-content\/uploads\/2024\/03\/GIZ1368-GIZ_2-1024x1024.jpg\" class=\"et-banner-main-image\" alt=\"\" sizes=\"auto, (max-width: 1024px) 100vw, 1024px\" srcset=\"https:\/\/www.ceciledescombes.com\/wp-content\/uploads\/2024\/03\/GIZ1368-GIZ_2-1024x1024.jpg 1024w, https:\/\/www.ceciledescombes.com\/wp-content\/uploads\/2024\/03\/GIZ1368-GIZ_2-300x300.jpg 300w, https:\/\/www.ceciledescombes.com\/wp-content\/uploads\/2024\/03\/GIZ1368-GIZ_2-150x150.jpg 150w, https:\/\/www.ceciledescombes.com\/wp-content\/uploads\/2024\/03\/GIZ1368-GIZ_2-768x768.jpg 768w, https:\/\/www.ceciledescombes.com\/wp-content\/uploads\/2024\/03\/GIZ1368-GIZ_2-1536x1536.jpg 1536w, https:\/\/www.ceciledescombes.com\/wp-content\/uploads\/2024\/03\/GIZ1368-GIZ_2-2048x2048.jpg 2048w, https:\/\/www.ceciledescombes.com\/wp-content\/uploads\/2024\/03\/GIZ1368-GIZ_2-450x450.jpg 450w, https:\/\/www.ceciledescombes.com\/wp-content\/uploads\/2024\/03\/GIZ1368-GIZ_2-900x900.jpg 900w, https:\/\/www.ceciledescombes.com\/wp-content\/uploads\/2024\/03\/GIZ1368-GIZ_2-100x100.jpg 100w\" \/><img loading=\"lazy\" decoding=\"async\" width=\"954\" height=\"1024\" src=\"https:\/\/www.ceciledescombes.com\/wp-content\/uploads\/2024\/03\/GIZ1256-GIZ-scaled-1-e1712408339287-954x1024.jpg\" class=\"et-banner-alt-image\" alt=\"\" srcset=\"https:\/\/www.ceciledescombes.com\/wp-content\/uploads\/2024\/03\/GIZ1256-GIZ-scaled-1-e1712408339287-954x1024.jpg 954w, https:\/\/www.ceciledescombes.com\/wp-content\/uploads\/2024\/03\/GIZ1256-GIZ-scaled-1-e1712408339287-280x300.jpg 280w, https:\/\/www.ceciledescombes.com\/wp-content\/uploads\/2024\/03\/GIZ1256-GIZ-scaled-1-e1712408339287-768x824.jpg 768w, https:\/\/www.ceciledescombes.com\/wp-content\/uploads\/2024\/03\/GIZ1256-GIZ-scaled-1-e1712408339287-1431x1536.jpg 1431w, https:\/\/www.ceciledescombes.com\/wp-content\/uploads\/2024\/03\/GIZ1256-GIZ-scaled-1-e1712408339287-140x150.jpg 140w, https:\/\/www.ceciledescombes.com\/wp-content\/uploads\/2024\/03\/GIZ1256-GIZ-scaled-1-e1712408339287-450x483.jpg 450w, https:\/\/www.ceciledescombes.com\/wp-content\/uploads\/2024\/03\/GIZ1256-GIZ-scaled-1-e1712408339287-900x966.jpg 900w, https:\/\/www.ceciledescombes.com\/wp-content\/uploads\/2024\/03\/GIZ1256-GIZ-scaled-1-e1712408339287.jpg 1555w\" sizes=\"auto, (max-width: 954px) 100vw, 954px\" \/>\r\n\t\t\t<div class=\"et-banner-content\">\r\n\t\t\t\t<div class=\"et-banner-content-inner container\">\r\n\t\t\t\t\t<div class=\"et-banner-text h_left v_bottom align_center\">\r\n\t\t\t\t\t\t<div class=\"et-banner-text-inner animated\" data-animate=\"et-fadeInUp\"><h2 class=\"et-banner-title color-light medium\">Le ``Ballard``<\/h2><\/div>\r\n\t\t\t\t\t<\/div>\r\n\t\t\t\t<\/div>\r\n\t\t\t<\/div><\/a>\r\n\t\t<\/div>[\/vc_column][\/vc_row][vc_row][vc_column][vc_empty_space][\/vc_column][\/vc_row][vc_row][vc_column]\r\n\t\t<div class=\"et-banner-69e89cbcc8ec2 et-banner content-full  image-type-fluid has-alt-image text-color-dark hover-effect hover-zoom \" ><a href=\"https:\/\/www.ceciledescombes.com\/index.php\/lookbook\/secrets-atelier\/\" class=\"et-banner-link et-banner-link-full\"><img loading=\"lazy\" decoding=\"async\" width=\"1024\" height=\"683\" src=\"https:\/\/www.ceciledescombes.com\/wp-content\/uploads\/2024\/03\/\u00a9-Christian-Baillet-Paris-2021-Cecile-Descombes-Atelier-de-Creation-23-1024x683.jpg\" class=\"et-banner-main-image\" alt=\"\" sizes=\"auto, (max-width: 1024px) 100vw, 1024px\" srcset=\"https:\/\/www.ceciledescombes.com\/wp-content\/uploads\/2024\/03\/\u00a9-Christian-Baillet-Paris-2021-Cecile-Descombes-Atelier-de-Creation-23-1024x683.jpg 1024w, https:\/\/www.ceciledescombes.com\/wp-content\/uploads\/2024\/03\/\u00a9-Christian-Baillet-Paris-2021-Cecile-Descombes-Atelier-de-Creation-23-300x200.jpg 300w, https:\/\/www.ceciledescombes.com\/wp-content\/uploads\/2024\/03\/\u00a9-Christian-Baillet-Paris-2021-Cecile-Descombes-Atelier-de-Creation-23-768x512.jpg 768w, https:\/\/www.ceciledescombes.com\/wp-content\/uploads\/2024\/03\/\u00a9-Christian-Baillet-Paris-2021-Cecile-Descombes-Atelier-de-Creation-23-1536x1024.jpg 1536w, https:\/\/www.ceciledescombes.com\/wp-content\/uploads\/2024\/03\/\u00a9-Christian-Baillet-Paris-2021-Cecile-Descombes-Atelier-de-Creation-23-2048x1365.jpg 2048w, https:\/\/www.ceciledescombes.com\/wp-content\/uploads\/2024\/03\/\u00a9-Christian-Baillet-Paris-2021-Cecile-Descombes-Atelier-de-Creation-23-150x100.jpg 150w, https:\/\/www.ceciledescombes.com\/wp-content\/uploads\/2024\/03\/\u00a9-Christian-Baillet-Paris-2021-Cecile-Descombes-Atelier-de-Creation-23-450x300.jpg 450w, https:\/\/www.ceciledescombes.com\/wp-content\/uploads\/2024\/03\/\u00a9-Christian-Baillet-Paris-2021-Cecile-Descombes-Atelier-de-Creation-23-900x600.jpg 900w\" \/><img loading=\"lazy\" decoding=\"async\" width=\"1024\" height=\"683\" src=\"https:\/\/www.ceciledescombes.com\/wp-content\/uploads\/2024\/03\/\u00a9-Christian-Baillet-Paris-2021-Cecile-Descombes-Atelier-de-Creation-23-1024x683.jpg\" class=\"et-banner-alt-image\" alt=\"\" srcset=\"https:\/\/www.ceciledescombes.com\/wp-content\/uploads\/2024\/03\/\u00a9-Christian-Baillet-Paris-2021-Cecile-Descombes-Atelier-de-Creation-23-1024x683.jpg 1024w, https:\/\/www.ceciledescombes.com\/wp-content\/uploads\/2024\/03\/\u00a9-Christian-Baillet-Paris-2021-Cecile-Descombes-Atelier-de-Creation-23-300x200.jpg 300w, https:\/\/www.ceciledescombes.com\/wp-content\/uploads\/2024\/03\/\u00a9-Christian-Baillet-Paris-2021-Cecile-Descombes-Atelier-de-Creation-23-768x512.jpg 768w, https:\/\/www.ceciledescombes.com\/wp-content\/uploads\/2024\/03\/\u00a9-Christian-Baillet-Paris-2021-Cecile-Descombes-Atelier-de-Creation-23-1536x1024.jpg 1536w, https:\/\/www.ceciledescombes.com\/wp-content\/uploads\/2024\/03\/\u00a9-Christian-Baillet-Paris-2021-Cecile-Descombes-Atelier-de-Creation-23-2048x1365.jpg 2048w, https:\/\/www.ceciledescombes.com\/wp-content\/uploads\/2024\/03\/\u00a9-Christian-Baillet-Paris-2021-Cecile-Descombes-Atelier-de-Creation-23-150x100.jpg 150w, https:\/\/www.ceciledescombes.com\/wp-content\/uploads\/2024\/03\/\u00a9-Christian-Baillet-Paris-2021-Cecile-Descombes-Atelier-de-Creation-23-450x300.jpg 450w, https:\/\/www.ceciledescombes.com\/wp-content\/uploads\/2024\/03\/\u00a9-Christian-Baillet-Paris-2021-Cecile-Descombes-Atelier-de-Creation-23-900x600.jpg 900w\" sizes=\"auto, (max-width: 1024px) 100vw, 1024px\" \/>\r\n\t\t\t<div class=\"et-banner-content\">\r\n\t\t\t\t<div class=\"et-banner-content-inner container\">\r\n\t\t\t\t\t<div class=\"et-banner-text h_left v_bottom align_left\">\r\n\t\t\t\t\t\t<div class=\"et-banner-text-inner animated\" data-animate=\"et-fadeInUp\"><h2 class=\"et-banner-title color-accent medium\">Les secrets d'atelier de votre modiste<\/h2><\/div>\r\n\t\t\t\t\t<\/div>\r\n\t\t\t\t<\/div>\r\n\t\t\t<\/div><\/a>\r\n\t\t<\/div>[\/vc_column][\/vc_row][vc_row][vc_column][vc_empty_space][\/vc_column][\/vc_row][vc_row][vc_column]\r\n\t\t<div class=\"et-banner-69e89cbcc946c et-banner content-full  image-type-fluid has-alt-image text-color-dark hover-effect hover-zoom \" ><a href=\"https:\/\/www.ceciledescombes.com\/index.php\/lookbook\/the-ou-cafe\/\" class=\"et-banner-link et-banner-link-full\"><img loading=\"lazy\" decoding=\"async\" width=\"2560\" height=\"1707\" src=\"https:\/\/www.ceciledescombes.com\/wp-content\/uploads\/2024\/03\/GIZ1248-GIZ-scaled.jpg\" class=\"et-banner-main-image\" alt=\"\" sizes=\"auto, (max-width: 2560px) 100vw, 2560px\" srcset=\"https:\/\/www.ceciledescombes.com\/wp-content\/uploads\/2024\/03\/GIZ1248-GIZ-scaled.jpg 2560w, https:\/\/www.ceciledescombes.com\/wp-content\/uploads\/2024\/03\/GIZ1248-GIZ-300x200.jpg 300w, https:\/\/www.ceciledescombes.com\/wp-content\/uploads\/2024\/03\/GIZ1248-GIZ-1024x683.jpg 1024w, https:\/\/www.ceciledescombes.com\/wp-content\/uploads\/2024\/03\/GIZ1248-GIZ-768x512.jpg 768w, https:\/\/www.ceciledescombes.com\/wp-content\/uploads\/2024\/03\/GIZ1248-GIZ-1536x1024.jpg 1536w, https:\/\/www.ceciledescombes.com\/wp-content\/uploads\/2024\/03\/GIZ1248-GIZ-2048x1365.jpg 2048w, https:\/\/www.ceciledescombes.com\/wp-content\/uploads\/2024\/03\/GIZ1248-GIZ-150x100.jpg 150w, https:\/\/www.ceciledescombes.com\/wp-content\/uploads\/2024\/03\/GIZ1248-GIZ-450x300.jpg 450w, https:\/\/www.ceciledescombes.com\/wp-content\/uploads\/2024\/03\/GIZ1248-GIZ-900x600.jpg 900w\" \/><img loading=\"lazy\" decoding=\"async\" width=\"2560\" height=\"1707\" src=\"https:\/\/www.ceciledescombes.com\/wp-content\/uploads\/2024\/03\/GIZ1248-GIZ-scaled.jpg\" class=\"et-banner-alt-image\" alt=\"\" srcset=\"https:\/\/www.ceciledescombes.com\/wp-content\/uploads\/2024\/03\/GIZ1248-GIZ-scaled.jpg 2560w, https:\/\/www.ceciledescombes.com\/wp-content\/uploads\/2024\/03\/GIZ1248-GIZ-300x200.jpg 300w, https:\/\/www.ceciledescombes.com\/wp-content\/uploads\/2024\/03\/GIZ1248-GIZ-1024x683.jpg 1024w, https:\/\/www.ceciledescombes.com\/wp-content\/uploads\/2024\/03\/GIZ1248-GIZ-768x512.jpg 768w, https:\/\/www.ceciledescombes.com\/wp-content\/uploads\/2024\/03\/GIZ1248-GIZ-1536x1024.jpg 1536w, https:\/\/www.ceciledescombes.com\/wp-content\/uploads\/2024\/03\/GIZ1248-GIZ-2048x1365.jpg 2048w, https:\/\/www.ceciledescombes.com\/wp-content\/uploads\/2024\/03\/GIZ1248-GIZ-150x100.jpg 150w, https:\/\/www.ceciledescombes.com\/wp-content\/uploads\/2024\/03\/GIZ1248-GIZ-450x300.jpg 450w, https:\/\/www.ceciledescombes.com\/wp-content\/uploads\/2024\/03\/GIZ1248-GIZ-900x600.jpg 900w\" sizes=\"auto, (max-width: 2560px) 100vw, 2560px\" \/>\r\n\t\t\t<div class=\"et-banner-content\">\r\n\t\t\t\t<div class=\"et-banner-content-inner container\">\r\n\t\t\t\t\t<div class=\"et-banner-text h_center v_center align_center\">\r\n\t\t\t\t\t\t<div class=\"et-banner-text-inner animated\" data-animate=\"et-fadeInDown\"><h2 class=\"et-banner-title color-light medium\">``Th\u00e9 o\u00f9 caf\u00e9? ``<\/h2><\/div>\r\n\t\t\t\t\t<\/div>\r\n\t\t\t\t<\/div>\r\n\t\t\t<\/div><\/a>\r\n\t\t<\/div>[\/vc_column][\/vc_row][vc_row][vc_column][vc_empty_space][\/vc_column][\/vc_row][vc_row][vc_column width=\u00a0\u00bb1\/2&Prime;]\r\n\t\t<div class=\"et-banner-69e89cbcc99b8 et-banner content-full  image-type-fluid has-alt-image text-color-dark hover-effect hover-zoom \" ><a href=\"https:\/\/www.ceciledescombes.com\/index.php\/lookbook\/a-chaque-humeur-son-chapeau\/\" class=\"et-banner-link et-banner-link-full\"><img loading=\"lazy\" decoding=\"async\" width=\"683\" height=\"1024\" src=\"https:\/\/www.ceciledescombes.com\/wp-content\/uploads\/2024\/02\/Image-maintenance.jpeg\" class=\"et-banner-main-image\" alt=\"Une femme porte un chapeau couture\" sizes=\"auto, (max-width: 683px) 100vw, 683px\" srcset=\"https:\/\/www.ceciledescombes.com\/wp-content\/uploads\/2024\/02\/Image-maintenance.jpeg 683w, https:\/\/www.ceciledescombes.com\/wp-content\/uploads\/2024\/02\/Image-maintenance-450x675.jpeg 450w, https:\/\/www.ceciledescombes.com\/wp-content\/uploads\/2024\/02\/Image-maintenance-200x300.jpeg 200w, https:\/\/www.ceciledescombes.com\/wp-content\/uploads\/2024\/02\/Image-maintenance-100x150.jpeg 100w\" \/><img loading=\"lazy\" decoding=\"async\" width=\"683\" height=\"1024\" src=\"https:\/\/www.ceciledescombes.com\/wp-content\/uploads\/2024\/02\/Image-maintenance.jpeg\" class=\"et-banner-alt-image\" alt=\"Une femme porte un chapeau couture\" srcset=\"https:\/\/www.ceciledescombes.com\/wp-content\/uploads\/2024\/02\/Image-maintenance.jpeg 683w, https:\/\/www.ceciledescombes.com\/wp-content\/uploads\/2024\/02\/Image-maintenance-450x675.jpeg 450w, https:\/\/www.ceciledescombes.com\/wp-content\/uploads\/2024\/02\/Image-maintenance-200x300.jpeg 200w, https:\/\/www.ceciledescombes.com\/wp-content\/uploads\/2024\/02\/Image-maintenance-100x150.jpeg 100w\" sizes=\"auto, (max-width: 683px) 100vw, 683px\" \/>\r\n\t\t\t<div class=\"et-banner-content\">\r\n\t\t\t\t<div class=\"et-banner-content-inner container\">\r\n\t\t\t\t\t<div class=\"et-banner-text h_center v_bottom align_center\">\r\n\t\t\t\t\t\t<div class=\"et-banner-text-inner animated\" data-animate=\"et-fadeInUp\"><h2 class=\"et-banner-title color-light medium\">\u00c0 chaque humeur son chapeau<\/h2><\/div>\r\n\t\t\t\t\t<\/div>\r\n\t\t\t\t<\/div>\r\n\t\t\t<\/div><\/a>\r\n\t\t<\/div>[\/vc_column][vc_column width=\u00a0\u00bb1\/2&Prime;][vc_empty_space]\r\n\t\t<div class=\"et-banner-69e89cbcc9f22 et-banner content-full  image-type-fluid has-alt-image text-color-dark hover-effect hover-zoom \" ><a href=\"https:\/\/www.ceciledescombes.com\/index.php\/jours-heureux\/\" class=\"et-banner-link et-banner-link-full\"><img loading=\"lazy\" decoding=\"async\" width=\"683\" height=\"1024\" src=\"https:\/\/www.ceciledescombes.com\/wp-content\/uploads\/2024\/03\/D5A5920-Modifier-1624014534510-683x1024.jpg\" class=\"et-banner-main-image\" alt=\"\" sizes=\"auto, (max-width: 683px) 100vw, 683px\" srcset=\"https:\/\/www.ceciledescombes.com\/wp-content\/uploads\/2024\/03\/D5A5920-Modifier-1624014534510-683x1024.jpg 683w, https:\/\/www.ceciledescombes.com\/wp-content\/uploads\/2024\/03\/D5A5920-Modifier-1624014534510-200x300.jpg 200w, https:\/\/www.ceciledescombes.com\/wp-content\/uploads\/2024\/03\/D5A5920-Modifier-1624014534510-768x1152.jpg 768w, https:\/\/www.ceciledescombes.com\/wp-content\/uploads\/2024\/03\/D5A5920-Modifier-1624014534510-1024x1536.jpg 1024w, https:\/\/www.ceciledescombes.com\/wp-content\/uploads\/2024\/03\/D5A5920-Modifier-1624014534510-1365x2048.jpg 1365w, https:\/\/www.ceciledescombes.com\/wp-content\/uploads\/2024\/03\/D5A5920-Modifier-1624014534510-100x150.jpg 100w, https:\/\/www.ceciledescombes.com\/wp-content\/uploads\/2024\/03\/D5A5920-Modifier-1624014534510-450x675.jpg 450w, https:\/\/www.ceciledescombes.com\/wp-content\/uploads\/2024\/03\/D5A5920-Modifier-1624014534510-900x1350.jpg 900w, https:\/\/www.ceciledescombes.com\/wp-content\/uploads\/2024\/03\/D5A5920-Modifier-1624014534510-scaled.jpg 1707w\" \/><img loading=\"lazy\" decoding=\"async\" width=\"1024\" height=\"683\" src=\"https:\/\/www.ceciledescombes.com\/wp-content\/uploads\/2024\/03\/\u00a9-Christian-Baillet-Paris-2021-Cecile-Descombes-Shoot-Au-9-Rue-de-LEperon-2-1024x683.jpg\" class=\"et-banner-alt-image\" alt=\"\" srcset=\"https:\/\/www.ceciledescombes.com\/wp-content\/uploads\/2024\/03\/\u00a9-Christian-Baillet-Paris-2021-Cecile-Descombes-Shoot-Au-9-Rue-de-LEperon-2-1024x683.jpg 1024w, https:\/\/www.ceciledescombes.com\/wp-content\/uploads\/2024\/03\/\u00a9-Christian-Baillet-Paris-2021-Cecile-Descombes-Shoot-Au-9-Rue-de-LEperon-2-300x200.jpg 300w, https:\/\/www.ceciledescombes.com\/wp-content\/uploads\/2024\/03\/\u00a9-Christian-Baillet-Paris-2021-Cecile-Descombes-Shoot-Au-9-Rue-de-LEperon-2-768x512.jpg 768w, https:\/\/www.ceciledescombes.com\/wp-content\/uploads\/2024\/03\/\u00a9-Christian-Baillet-Paris-2021-Cecile-Descombes-Shoot-Au-9-Rue-de-LEperon-2-1536x1024.jpg 1536w, https:\/\/www.ceciledescombes.com\/wp-content\/uploads\/2024\/03\/\u00a9-Christian-Baillet-Paris-2021-Cecile-Descombes-Shoot-Au-9-Rue-de-LEperon-2-2048x1365.jpg 2048w, https:\/\/www.ceciledescombes.com\/wp-content\/uploads\/2024\/03\/\u00a9-Christian-Baillet-Paris-2021-Cecile-Descombes-Shoot-Au-9-Rue-de-LEperon-2-150x100.jpg 150w, https:\/\/www.ceciledescombes.com\/wp-content\/uploads\/2024\/03\/\u00a9-Christian-Baillet-Paris-2021-Cecile-Descombes-Shoot-Au-9-Rue-de-LEperon-2-450x300.jpg 450w, https:\/\/www.ceciledescombes.com\/wp-content\/uploads\/2024\/03\/\u00a9-Christian-Baillet-Paris-2021-Cecile-Descombes-Shoot-Au-9-Rue-de-LEperon-2-900x600.jpg 900w\" sizes=\"auto, (max-width: 1024px) 100vw, 1024px\" \/>\r\n\t\t\t<div class=\"et-banner-content\">\r\n\t\t\t\t<div class=\"et-banner-content-inner container\">\r\n\t\t\t\t\t<div class=\"et-banner-text h_right v_center align_right\">\r\n\t\t\t\t\t\t<div class=\"et-banner-text-inner animated\" data-animate=\"et-fadeInUp\"><h2 class=\"et-banner-title color-light medium\">Jours Heureux<\/h2><\/div>\r\n\t\t\t\t\t<\/div>\r\n\t\t\t\t<\/div>\r\n\t\t\t<\/div><\/a>\r\n\t\t<\/div>[\/vc_column][\/vc_row][vc_row][vc_column][vc_empty_space]\r\n\t\t<div class=\"et-banner-69e89cbcca9d0 et-banner content-full  image-type-fluid has-alt-image text-color-dark hover-effect hover-zoom \" ><a href=\"https:\/\/www.ceciledescombes.com\/index.php\/lookbook\/lelegance-prend-la-route-en-anciennes\/\" class=\"et-banner-link et-banner-link-full\"><img loading=\"lazy\" decoding=\"async\" width=\"1024\" height=\"755\" src=\"https:\/\/www.ceciledescombes.com\/wp-content\/uploads\/2024\/03\/IMG_8875.jpg\" class=\"et-banner-main-image\" alt=\"\" sizes=\"auto, (max-width: 1024px) 100vw, 1024px\" srcset=\"https:\/\/www.ceciledescombes.com\/wp-content\/uploads\/2024\/03\/IMG_8875.jpg 1024w, https:\/\/www.ceciledescombes.com\/wp-content\/uploads\/2024\/03\/IMG_8875-300x221.jpg 300w, https:\/\/www.ceciledescombes.com\/wp-content\/uploads\/2024\/03\/IMG_8875-768x566.jpg 768w, https:\/\/www.ceciledescombes.com\/wp-content\/uploads\/2024\/03\/IMG_8875-150x111.jpg 150w, https:\/\/www.ceciledescombes.com\/wp-content\/uploads\/2024\/03\/IMG_8875-450x332.jpg 450w, https:\/\/www.ceciledescombes.com\/wp-content\/uploads\/2024\/03\/IMG_8875-900x664.jpg 900w\" \/><img loading=\"lazy\" decoding=\"async\" width=\"1024\" height=\"755\" src=\"https:\/\/www.ceciledescombes.com\/wp-content\/uploads\/2024\/03\/IMG_8875.jpg\" class=\"et-banner-alt-image\" alt=\"\" srcset=\"https:\/\/www.ceciledescombes.com\/wp-content\/uploads\/2024\/03\/IMG_8875.jpg 1024w, https:\/\/www.ceciledescombes.com\/wp-content\/uploads\/2024\/03\/IMG_8875-300x221.jpg 300w, https:\/\/www.ceciledescombes.com\/wp-content\/uploads\/2024\/03\/IMG_8875-768x566.jpg 768w, https:\/\/www.ceciledescombes.com\/wp-content\/uploads\/2024\/03\/IMG_8875-150x111.jpg 150w, https:\/\/www.ceciledescombes.com\/wp-content\/uploads\/2024\/03\/IMG_8875-450x332.jpg 450w, https:\/\/www.ceciledescombes.com\/wp-content\/uploads\/2024\/03\/IMG_8875-900x664.jpg 900w\" sizes=\"auto, (max-width: 1024px) 100vw, 1024px\" \/>\r\n\t\t\t<div class=\"et-banner-content\">\r\n\t\t\t\t<div class=\"et-banner-content-inner container\">\r\n\t\t\t\t\t<div class=\"et-banner-text h_left v_center align_left\">\r\n\t\t\t\t\t\t<div class=\"et-banner-text-inner animated\" data-animate=\"et-fadeInUp\"><h1 class=\"et-banner-title color-custom large\">L'\u00e9l\u00e9gance prend la route en anciennes<\/h1><\/div>\r\n\t\t\t\t\t<\/div>\r\n\t\t\t\t<\/div>\r\n\t\t\t<\/div><\/a>\r\n\t\t<\/div>[\/vc_column][\/vc_row]\n<\/div>","protected":false},"excerpt":{"rendered":"<p>[vc_row][vc_column][vc_column_text] Lookbook [\/vc_column_text][\/vc_column][\/vc_row][vc_row][vc_column width=\u00a0\u00bb2\/3&Prime;][\/vc_column][vc_column width=\u00a0\u00bb1\/3&Prime;][vc_empty_space][vc_empty_space][\/vc_column][\/vc_row][vc_row][vc_column][vc_empty_space][\/vc_column][\/vc_row][vc_row][vc_column][\/vc_column][\/vc_row][vc_row][vc_column][vc_empty_space][\/vc_column][\/vc_row][vc_row][vc_column][\/vc_column][\/vc_row][vc_row][vc_column][vc_empty_space][\/vc_column][\/vc_row][vc_row][vc_column width=\u00a0\u00bb1\/2&Prime;][\/vc_column][vc_column width=\u00a0\u00bb1\/2&Prime;][vc_empty_space][\/vc_column][\/vc_row][vc_row][vc_column][vc_empty_space][\/vc_column][\/vc_row]<\/p>\n","protected":false},"author":1,"featured_media":0,"parent":0,"menu_order":0,"comment_status":"closed","ping_status":"closed","template":"","meta":{"footnotes":""},"class_list":["post-5167","page","type-page","status-publish","hentry"],"_links":{"self":[{"href":"https:\/\/www.ceciledescombes.com\/index.php\/wp-json\/wp\/v2\/pages\/5167","targetHints":{"allow":["GET"]}}],"collection":[{"href":"https:\/\/www.ceciledescombes.com\/index.php\/wp-json\/wp\/v2\/pages"}],"about":[{"href":"https:\/\/www.ceciledescombes.com\/index.php\/wp-json\/wp\/v2\/types\/page"}],"author":[{"embeddable":true,"href":"https:\/\/www.ceciledescombes.com\/index.php\/wp-json\/wp\/v2\/users\/1"}],"replies":[{"embeddable":true,"href":"https:\/\/www.ceciledescombes.com\/index.php\/wp-json\/wp\/v2\/comments?post=5167"}],"version-history":[{"count":48,"href":"https:\/\/www.ceciledescombes.com\/index.php\/wp-json\/wp\/v2\/pages\/5167\/revisions"}],"predecessor-version":[{"id":5612,"href":"https:\/\/www.ceciledescombes.com\/index.php\/wp-json\/wp\/v2\/pages\/5167\/revisions\/5612"}],"wp:attachment":[{"href":"https:\/\/www.ceciledescombes.com\/index.php\/wp-json\/wp\/v2\/media?parent=5167"}],"curies":[{"name":"wp","href":"https:\/\/api.w.org\/{rel}","templated":true}]}}