{"id":5213,"date":"2024-04-06T12:17:31","date_gmt":"2024-04-06T10:17:31","guid":{"rendered":"https:\/\/www.ceciledescombes.com\/?page_id=5213"},"modified":"2024-04-22T23:47:01","modified_gmt":"2024-04-22T21:47:01","slug":"laccroche-coeur","status":"publish","type":"page","link":"https:\/\/www.ceciledescombes.com\/index.php\/lookbook\/laccroche-coeur\/","title":{"rendered":"\u00ab\u00a0L&rsquo;Accroche-coeur\u00a0\u00bb"},"content":{"rendered":"<div class=\"wpb-content-wrapper\">[vc_row et_full_width=\u00a0\u00bbtrue\u00a0\u00bb content_placement=\u00a0\u00bbmiddle\u00a0\u00bb css=\u00a0\u00bb.vc_custom_1573187171262{padding-top: 80px !important;padding-bottom: 80px !important;}\u00a0\u00bb][vc_column animation=\u00a0\u00bbanimation bottom-to-top\u00a0\u00bb offset=\u00a0\u00bbvc_col-lg-offset-1 vc_col-lg-4&Prime; css=\u00a0\u00bb.vc_custom_1573187307217{padding-top: 160px !important;}\u00a0\u00bb][vc_column_text el_class=\u00a0\u00bbpreline-large\u00a0\u00bb css=\u00a0\u00bb.vc_custom_1712516078776{margin-bottom: 80px !important;}\u00a0\u00bb]\n<h5><em><span style=\"color: #ff6600;\">Lorsque \u00ab\u00a0L&rsquo;Accroche c\u0153ur\u00a0\u00bb le chapeau signature de votre modiste C\u00e9cile Descombes,\u00a0 f\u00eate son anniversaire dans une ambiance tr\u00e8s glamour, douce et l\u00e9g\u00e8re, il se retrouve sur toutes les t\u00eates de ses Misstinguettes parisiennes &#8230;<\/span><\/em><\/h5>\n[\/vc_column_text]\t<div class=\"et-image-164 et-image     et_image_link\">\n\t\t<div class=\"et-image-inner \">\n\t\t\t\t\t\t\t<div class=\"et-image-thumb \">\n\t\t\t\t\t<img loading=\"lazy\" decoding=\"async\" width=\"1024\" height=\"682\" src=\"https:\/\/www.ceciledescombes.com\/wp-content\/uploads\/2024\/04\/IMG_3428LpS-1024x682.jpg\" class=\"attachment-large\" alt=\"\" title=\"IMG_3428LpS\" srcset=\"https:\/\/www.ceciledescombes.com\/wp-content\/uploads\/2024\/04\/IMG_3428LpS-1024x682.jpg 1024w, https:\/\/www.ceciledescombes.com\/wp-content\/uploads\/2024\/04\/IMG_3428LpS-300x200.jpg 300w, https:\/\/www.ceciledescombes.com\/wp-content\/uploads\/2024\/04\/IMG_3428LpS-768x512.jpg 768w, https:\/\/www.ceciledescombes.com\/wp-content\/uploads\/2024\/04\/IMG_3428LpS-1536x1024.jpg 1536w, https:\/\/www.ceciledescombes.com\/wp-content\/uploads\/2024\/04\/IMG_3428LpS-150x100.jpg 150w, https:\/\/www.ceciledescombes.com\/wp-content\/uploads\/2024\/04\/IMG_3428LpS-450x300.jpg 450w, https:\/\/www.ceciledescombes.com\/wp-content\/uploads\/2024\/04\/IMG_3428LpS-900x600.jpg 900w, https:\/\/www.ceciledescombes.com\/wp-content\/uploads\/2024\/04\/IMG_3428LpS.jpg 2000w\" sizes=\"auto, (max-width: 1024px) 100vw, 1024px\" \/>\t\t\t\t<\/div>\n\t\t\t\t\t\t\t\t\t\t\t<\/div>\n\t<\/div>\n  [\/vc_column][vc_column et_column_color=\u00a0\u00bbet-light-column\u00a0\u00bb animation=\u00a0\u00bbanimation top-to-bottom\u00a0\u00bb offset=\u00a0\u00bbvc_col-lg-offset-1 vc_col-lg-5&Prime;]\r\n\t\t<div class=\"et-banner-69e02cd0ecc3b et-banner content-full  image-type-fluid text-color-light hover-effect hover-zoom \" ><img loading=\"lazy\" decoding=\"async\" width=\"1024\" height=\"768\" src=\"https:\/\/www.ceciledescombes.com\/wp-content\/uploads\/2024\/03\/RID5360_Nik-1024x768.jpg\" class=\"et-banner-main-image\" alt=\"\" sizes=\"auto, (max-width: 1024px) 100vw, 1024px\" srcset=\"https:\/\/www.ceciledescombes.com\/wp-content\/uploads\/2024\/03\/RID5360_Nik-1024x768.jpg 1024w, https:\/\/www.ceciledescombes.com\/wp-content\/uploads\/2024\/03\/RID5360_Nik-300x225.jpg 300w, https:\/\/www.ceciledescombes.com\/wp-content\/uploads\/2024\/03\/RID5360_Nik-768x576.jpg 768w, https:\/\/www.ceciledescombes.com\/wp-content\/uploads\/2024\/03\/RID5360_Nik-1536x1152.jpg 1536w, https:\/\/www.ceciledescombes.com\/wp-content\/uploads\/2024\/03\/RID5360_Nik-2048x1536.jpg 2048w, https:\/\/www.ceciledescombes.com\/wp-content\/uploads\/2024\/03\/RID5360_Nik-150x113.jpg 150w, https:\/\/www.ceciledescombes.com\/wp-content\/uploads\/2024\/03\/RID5360_Nik-450x338.jpg 450w, https:\/\/www.ceciledescombes.com\/wp-content\/uploads\/2024\/03\/RID5360_Nik-900x675.jpg 900w\" \/>\r\n\t\t<\/div>[\/vc_column][\/vc_row][vc_row et_full_width=\u00a0\u00bbtrue\u00a0\u00bb et_row_padding=\u00a0\u00bbtrue\u00a0\u00bb content_placement=\u00a0\u00bbbottom\u00a0\u00bb css=\u00a0\u00bb.vc_custom_1555604844953{background-position: center !important;background-repeat: no-repeat !important;background-size: cover !important;}\u00a0\u00bb][vc_column offset=\u00a0\u00bbvc_col-lg-6&Prime;]\t<div class=\"et-image-214 et-image aligncenter    et_image_link\">\n\t\t<div class=\"et-image-inner \">\n\t\t\t\t\t\t\t<div class=\"et-image-thumb \">\n\t\t\t\t\t<img loading=\"lazy\" decoding=\"async\" width=\"1332\" height=\"1913\" src=\"https:\/\/www.ceciledescombes.com\/wp-content\/uploads\/2024\/04\/IMG_3446LpS-e1712516461938.jpg\" class=\"attachment-full\" alt=\"\" title=\"IMG_3446LpS\" srcset=\"https:\/\/www.ceciledescombes.com\/wp-content\/uploads\/2024\/04\/IMG_3446LpS-e1712516461938.jpg 1332w, https:\/\/www.ceciledescombes.com\/wp-content\/uploads\/2024\/04\/IMG_3446LpS-e1712516461938-209x300.jpg 209w, https:\/\/www.ceciledescombes.com\/wp-content\/uploads\/2024\/04\/IMG_3446LpS-e1712516461938-713x1024.jpg 713w, https:\/\/www.ceciledescombes.com\/wp-content\/uploads\/2024\/04\/IMG_3446LpS-e1712516461938-768x1103.jpg 768w, https:\/\/www.ceciledescombes.com\/wp-content\/uploads\/2024\/04\/IMG_3446LpS-e1712516461938-1069x1536.jpg 1069w, https:\/\/www.ceciledescombes.com\/wp-content\/uploads\/2024\/04\/IMG_3446LpS-e1712516461938-104x150.jpg 104w, https:\/\/www.ceciledescombes.com\/wp-content\/uploads\/2024\/04\/IMG_3446LpS-e1712516461938-450x646.jpg 450w, https:\/\/www.ceciledescombes.com\/wp-content\/uploads\/2024\/04\/IMG_3446LpS-e1712516461938-900x1293.jpg 900w\" sizes=\"auto, (max-width: 1332px) 100vw, 1332px\" \/>\t\t\t\t<\/div>\n\t\t\t\t\t\t\t\t\t\t\t<\/div>\n\t<\/div>\n  [\/vc_column][vc_column offset=\u00a0\u00bbvc_col-lg-6&Prime;]\r\n\t\t<div class=\"et-banner-69e02cd0ed43d et-banner content-full  image-type-fluid text-color-light hover-effect hover-zoom \" ><img loading=\"lazy\" decoding=\"async\" width=\"843\" height=\"1215\" src=\"https:\/\/www.ceciledescombes.com\/wp-content\/uploads\/2024\/04\/JYL_5204-1-e1712516301151.jpg\" class=\"et-banner-main-image\" alt=\"\" sizes=\"auto, (max-width: 843px) 100vw, 843px\" srcset=\"https:\/\/www.ceciledescombes.com\/wp-content\/uploads\/2024\/04\/JYL_5204-1-e1712516301151.jpg 843w, https:\/\/www.ceciledescombes.com\/wp-content\/uploads\/2024\/04\/JYL_5204-1-e1712516301151-208x300.jpg 208w, https:\/\/www.ceciledescombes.com\/wp-content\/uploads\/2024\/04\/JYL_5204-1-e1712516301151-710x1024.jpg 710w, https:\/\/www.ceciledescombes.com\/wp-content\/uploads\/2024\/04\/JYL_5204-1-e1712516301151-768x1107.jpg 768w, https:\/\/www.ceciledescombes.com\/wp-content\/uploads\/2024\/04\/JYL_5204-1-e1712516301151-104x150.jpg 104w, https:\/\/www.ceciledescombes.com\/wp-content\/uploads\/2024\/04\/JYL_5204-1-e1712516301151-450x649.jpg 450w\" \/>\r\n\t\t<\/div>[\/vc_column][\/vc_row][vc_row et_full_width=\u00a0\u00bbtrue\u00a0\u00bb content_placement=\u00a0\u00bbmiddle\u00a0\u00bb css=\u00a0\u00bb.vc_custom_1555550614288{margin-top: 80px !important;margin-bottom: 80px !important;}\u00a0\u00bb el_class=\u00a0\u00bbalign-center\u00a0\u00bb][vc_column offset=\u00a0\u00bbvc_col-lg-3&Prime;][vc_column_text animation=\u00a0\u00bbanimation left-to-right-3d\u00a0\u00bb css=\u00a0\u00bb.vc_custom_1712537059719{padding-left: 20% !important;}\u00a0\u00bb]\n<h5><span style=\"color: #ff6600;\"><em>Je t\u2019aime pour tout ce que tu es, tout ce que tu as \u00e9t\u00e9, tout ce que tu es encore \u00e0 \u00eatre.<\/em><\/span><\/h5>\n<p>Ernest Hemingway, \u00e9crivain.[\/vc_column_text][\/vc_column][vc_column width=\u00a0\u00bb1\/2&Prime; animation=\u00a0\u00bbanimation bottom-to-top\u00a0\u00bb offset=\u00a0\u00bbvc_col-lg-offset-1 vc_col-lg-7&Prime;]\t<div class=\"et-image-572 et-image     et_image_link\">\n\t\t<div class=\"et-image-inner \">\n\t\t\t\t\t\t\t<div class=\"et-image-thumb \">\n\t\t\t\t\t<img loading=\"lazy\" decoding=\"async\" width=\"1333\" height=\"2000\" src=\"https:\/\/www.ceciledescombes.com\/wp-content\/uploads\/2024\/04\/IMG_3417LpS.jpg\" class=\"attachment-full\" alt=\"\" title=\"IMG_3417LpS\" srcset=\"https:\/\/www.ceciledescombes.com\/wp-content\/uploads\/2024\/04\/IMG_3417LpS.jpg 1333w, https:\/\/www.ceciledescombes.com\/wp-content\/uploads\/2024\/04\/IMG_3417LpS-200x300.jpg 200w, https:\/\/www.ceciledescombes.com\/wp-content\/uploads\/2024\/04\/IMG_3417LpS-682x1024.jpg 682w, https:\/\/www.ceciledescombes.com\/wp-content\/uploads\/2024\/04\/IMG_3417LpS-768x1152.jpg 768w, https:\/\/www.ceciledescombes.com\/wp-content\/uploads\/2024\/04\/IMG_3417LpS-1024x1536.jpg 1024w, https:\/\/www.ceciledescombes.com\/wp-content\/uploads\/2024\/04\/IMG_3417LpS-100x150.jpg 100w, https:\/\/www.ceciledescombes.com\/wp-content\/uploads\/2024\/04\/IMG_3417LpS-450x675.jpg 450w, https:\/\/www.ceciledescombes.com\/wp-content\/uploads\/2024\/04\/IMG_3417LpS-900x1350.jpg 900w\" sizes=\"auto, (max-width: 1333px) 100vw, 1333px\" \/>\t\t\t\t<\/div>\n\t\t\t\t\t\t\t\t\t\t\t<\/div>\n\t<\/div>\n  [\/vc_column][\/vc_row][vc_row et_full_width=\u00a0\u00bbtrue\u00a0\u00bb content_placement=\u00a0\u00bbmiddle\u00a0\u00bb css=\u00a0\u00bb.vc_custom_1555550285743{margin-top: 80px !important;margin-bottom: 80px !important;}\u00a0\u00bb][vc_column animation=\u00a0\u00bbanimation bottom-to-top\u00a0\u00bb offset=\u00a0\u00bbvc_col-lg-4&Prime;]\t<div class=\"et-image-949 et-image     et_image_link\">\n\t\t<div class=\"et-image-inner \">\n\t\t\t\t\t\t\t<div class=\"et-image-thumb \">\n\t\t\t\t\t<img loading=\"lazy\" decoding=\"async\" width=\"1333\" height=\"2000\" src=\"https:\/\/www.ceciledescombes.com\/wp-content\/uploads\/2024\/04\/IMG_3653L.jpg\" class=\"attachment-full\" alt=\"\" title=\"IMG_3653L\" srcset=\"https:\/\/www.ceciledescombes.com\/wp-content\/uploads\/2024\/04\/IMG_3653L.jpg 1333w, https:\/\/www.ceciledescombes.com\/wp-content\/uploads\/2024\/04\/IMG_3653L-200x300.jpg 200w, https:\/\/www.ceciledescombes.com\/wp-content\/uploads\/2024\/04\/IMG_3653L-682x1024.jpg 682w, https:\/\/www.ceciledescombes.com\/wp-content\/uploads\/2024\/04\/IMG_3653L-768x1152.jpg 768w, https:\/\/www.ceciledescombes.com\/wp-content\/uploads\/2024\/04\/IMG_3653L-1024x1536.jpg 1024w, https:\/\/www.ceciledescombes.com\/wp-content\/uploads\/2024\/04\/IMG_3653L-100x150.jpg 100w, https:\/\/www.ceciledescombes.com\/wp-content\/uploads\/2024\/04\/IMG_3653L-450x675.jpg 450w, https:\/\/www.ceciledescombes.com\/wp-content\/uploads\/2024\/04\/IMG_3653L-900x1350.jpg 900w\" sizes=\"auto, (max-width: 1333px) 100vw, 1333px\" \/>\t\t\t\t<\/div>\n\t\t\t\t\t\t\t\t\t\t\t<\/div>\n\t<\/div>\n  [\/vc_column][vc_column et_column_color=\u00a0\u00bbet-light-column\u00a0\u00bb parallax=\u00a0\u00bbcontent-moving\u00a0\u00bb animation=\u00a0\u00bbanimation top-to-bottom\u00a0\u00bb offset=\u00a0\u00bbvc_col-lg-offset-1 vc_col-lg-6&Prime; css=\u00a0\u00bb.vc_custom_1573185905585{padding-top: 80px !important;padding-bottom: 80px !important;}\u00a0\u00bb]\r\n\t\t<div class=\"et-banner-69e02cd0ee007 et-banner content-full  image-type-fluid text-color-light hover-effect hover-zoom \" ><img loading=\"lazy\" decoding=\"async\" width=\"1333\" height=\"2000\" src=\"https:\/\/www.ceciledescombes.com\/wp-content\/uploads\/2024\/04\/IMG_3614L.jpg\" class=\"et-banner-main-image\" alt=\"\" sizes=\"auto, (max-width: 1333px) 100vw, 1333px\" srcset=\"https:\/\/www.ceciledescombes.com\/wp-content\/uploads\/2024\/04\/IMG_3614L.jpg 1333w, https:\/\/www.ceciledescombes.com\/wp-content\/uploads\/2024\/04\/IMG_3614L-200x300.jpg 200w, https:\/\/www.ceciledescombes.com\/wp-content\/uploads\/2024\/04\/IMG_3614L-682x1024.jpg 682w, https:\/\/www.ceciledescombes.com\/wp-content\/uploads\/2024\/04\/IMG_3614L-768x1152.jpg 768w, https:\/\/www.ceciledescombes.com\/wp-content\/uploads\/2024\/04\/IMG_3614L-1024x1536.jpg 1024w, https:\/\/www.ceciledescombes.com\/wp-content\/uploads\/2024\/04\/IMG_3614L-100x150.jpg 100w, https:\/\/www.ceciledescombes.com\/wp-content\/uploads\/2024\/04\/IMG_3614L-450x675.jpg 450w, https:\/\/www.ceciledescombes.com\/wp-content\/uploads\/2024\/04\/IMG_3614L-900x1350.jpg 900w\" \/>\r\n\t\t<\/div>[\/vc_column][\/vc_row][vc_row et_full_width=\u00a0\u00bbtrue\u00a0\u00bb et_row_padding=\u00a0\u00bbtrue\u00a0\u00bb parallax=\u00a0\u00bbcontent-moving\u00a0\u00bb css=\u00a0\u00bb.vc_custom_1712438735744{background: #c4c4cd url(http:\/\/www.ceciledescombes.com\/wp-content\/uploads\/2024\/04\/IMG_3528L.jpg?id=5253);}\u00a0\u00bb][vc_column animation=\u00a0\u00bbanimation bottom-to-top\u00a0\u00bb][vc_row_inner content_placement=\u00a0\u00bbbottom\u00a0\u00bb css=\u00a0\u00bb.vc_custom_1712404593182{padding-top: 400px !important;padding-bottom: 80px !important;}\u00a0\u00bb][vc_column_inner width=\u00a0\u00bb1\/3&Prime;][vc_column_text animation=\u00a0\u00bbanimation right-to-left\u00a0\u00bb el_class=\u00a0\u00bbpreline-large\u00a0\u00bb]\n<h5 style=\"padding-left: 80px;\"><span style=\"color: #ffffff;\"><em>Je ne t\u2019aime pas pour ce que tu es, mais pour ce que je suis quand je suis avec toi.<\/em><\/span><\/h5>\n<p style=\"padding-left: 80px;\"><span style=\"color: #ffffff;\">Gabriel Garc\u00eda M\u00e1rquez, \u00e9crivain.<\/span><\/p>\n[\/vc_column_text][\/vc_column_inner][\/vc_row_inner][\/vc_column][\/vc_row][vc_row et_full_width=\u00a0\u00bbtrue\u00a0\u00bb content_placement=\u00a0\u00bbmiddle\u00a0\u00bb css=\u00a0\u00bb.vc_custom_1555550614288{margin-top: 80px !important;margin-bottom: 80px !important;}\u00a0\u00bb el_class=\u00a0\u00bbalign-center\u00a0\u00bb][vc_column width=\u00a0\u00bb1\/2&Prime; animation=\u00a0\u00bbanimation bottom-to-top\u00a0\u00bb offset=\u00a0\u00bbvc_col-lg-offset-1 vc_col-lg-6&Prime;]\t<div class=\"et-image-941 et-image     et_image_link\">\n\t\t<div class=\"et-image-inner \">\n\t\t\t\t\t\t\t<div class=\"et-image-thumb \">\n\t\t\t\t\t<img loading=\"lazy\" decoding=\"async\" width=\"1333\" height=\"2000\" src=\"https:\/\/www.ceciledescombes.com\/wp-content\/uploads\/2024\/04\/IMG_3640L.jpg\" class=\"attachment-full\" alt=\"\" title=\"IMG_3640L\" srcset=\"https:\/\/www.ceciledescombes.com\/wp-content\/uploads\/2024\/04\/IMG_3640L.jpg 1333w, https:\/\/www.ceciledescombes.com\/wp-content\/uploads\/2024\/04\/IMG_3640L-200x300.jpg 200w, https:\/\/www.ceciledescombes.com\/wp-content\/uploads\/2024\/04\/IMG_3640L-682x1024.jpg 682w, https:\/\/www.ceciledescombes.com\/wp-content\/uploads\/2024\/04\/IMG_3640L-768x1152.jpg 768w, https:\/\/www.ceciledescombes.com\/wp-content\/uploads\/2024\/04\/IMG_3640L-1024x1536.jpg 1024w, https:\/\/www.ceciledescombes.com\/wp-content\/uploads\/2024\/04\/IMG_3640L-100x150.jpg 100w, https:\/\/www.ceciledescombes.com\/wp-content\/uploads\/2024\/04\/IMG_3640L-450x675.jpg 450w, https:\/\/www.ceciledescombes.com\/wp-content\/uploads\/2024\/04\/IMG_3640L-900x1350.jpg 900w\" sizes=\"auto, (max-width: 1333px) 100vw, 1333px\" \/>\t\t\t\t<\/div>\n\t\t\t\t\t\t\t\t\t\t\t<\/div>\n\t<\/div>\n  [\/vc_column][vc_column offset=\u00a0\u00bbvc_col-lg-3&Prime;][vc_column_text animation=\u00a0\u00bbanimation right-to-left-3d\u00a0\u00bb css=\u00a0\u00bb.vc_custom_1712537038250{padding-left: 20% !important;}\u00a0\u00bb]\n<h5><span style=\"color: #ff6600;\"><em>Comme l\u2019amour grandit en toi, la beaut\u00e9 fait de m\u00eame. Car l\u2019amour est la beaut\u00e9 de l\u2019\u00e2me.<\/em><\/span><\/h5>\n<p>Saint Augustin d\u2019Hippone, philosophe.[\/vc_column_text][\/vc_column][\/vc_row][vc_row et_full_width=\u00a0\u00bbtrue\u00a0\u00bb et_row_padding=\u00a0\u00bbtrue\u00a0\u00bb content_placement=\u00a0\u00bbmiddle\u00a0\u00bb css=\u00a0\u00bb.vc_custom_1712537502838{margin-top: 80px !important;margin-bottom: 80px !important;background-color: #f75d10 !important;}\u00a0\u00bb][vc_column animation=\u00a0\u00bbanimation left-to-right\u00a0\u00bb offset=\u00a0\u00bbvc_col-lg-6&Prime;]\t<div class=\"et-image-163 et-image     et_image_link\">\n\t\t<div class=\"et-image-inner \">\n\t\t\t\t\t\t\t<div class=\"et-image-thumb \">\n\t\t\t\t\t<img loading=\"lazy\" decoding=\"async\" width=\"682\" height=\"1024\" src=\"https:\/\/www.ceciledescombes.com\/wp-content\/uploads\/2024\/04\/IMG_3682L-682x1024.jpg\" class=\"attachment-large\" alt=\"\" title=\"IMG_3682L\" srcset=\"https:\/\/www.ceciledescombes.com\/wp-content\/uploads\/2024\/04\/IMG_3682L-682x1024.jpg 682w, https:\/\/www.ceciledescombes.com\/wp-content\/uploads\/2024\/04\/IMG_3682L-200x300.jpg 200w, https:\/\/www.ceciledescombes.com\/wp-content\/uploads\/2024\/04\/IMG_3682L-768x1152.jpg 768w, https:\/\/www.ceciledescombes.com\/wp-content\/uploads\/2024\/04\/IMG_3682L-1024x1536.jpg 1024w, https:\/\/www.ceciledescombes.com\/wp-content\/uploads\/2024\/04\/IMG_3682L-100x150.jpg 100w, https:\/\/www.ceciledescombes.com\/wp-content\/uploads\/2024\/04\/IMG_3682L-450x675.jpg 450w, https:\/\/www.ceciledescombes.com\/wp-content\/uploads\/2024\/04\/IMG_3682L-900x1350.jpg 900w, https:\/\/www.ceciledescombes.com\/wp-content\/uploads\/2024\/04\/IMG_3682L.jpg 1333w\" sizes=\"auto, (max-width: 682px) 100vw, 682px\" \/>\t\t\t\t<\/div>\n\t\t\t\t\t\t\t\t\t\t\t<\/div>\n\t<\/div>\n  [\/vc_column][vc_column et_column_color=\u00a0\u00bbet-light-column\u00a0\u00bb animation=\u00a0\u00bbanimation right-to-left\u00a0\u00bb offset=\u00a0\u00bbvc_col-lg-offset-1 vc_col-lg-3&Prime; css=\u00a0\u00bb.vc_custom_1555606234336{padding-top: 160px !important;padding-bottom: 160px !important;}\u00a0\u00bb][vc_column_text]\n<blockquote class=\"blcr\">\n<h5><span style=\"color: #ffffff;\">L&rsquo;amour rend meilleur. Parfois plus b\u00eate, mais \u00e7a rend meilleur. Je tiens aussi beaucoup \u00e0 l&rsquo;amiti\u00e9 qui est une belle forme d&rsquo;amour debout. Je tiens \u00e9galement beaucoup au respect, \u00e0 l&rsquo;inqui\u00e9tude qu&rsquo;on a envers l&rsquo;autre. Je tiens beaucoup \u00e0 l&rsquo;autre.<\/span><\/h5>\n<\/blockquote>\n<p><span style=\"color: #000000;\">Juliette Gr\u00e9co<\/span>[\/vc_column_text][\/vc_column][\/vc_row][vc_row][vc_column][vc_gallery type=\u00a0\u00bbflexslider_slide\u00a0\u00bb interval=\u00a0\u00bb5&Prime; images=\u00a0\u00bb5483,5487,5484&Prime; img_size=\u00a0\u00bbmedium\u00a0\u00bb css=\u00a0\u00bb.vc_custom_1713395180208{border-radius: 4px !important;}\u00a0\u00bb][\/vc_column][\/vc_row][vc_row][vc_column][vc_single_image image=\u00a0\u00bb5261&Prime; img_size=\u00a0\u00bblarge\u00a0\u00bb alignment=\u00a0\u00bbcenter\u00a0\u00bb animation=\u00a0\u00bbanimation fade-in\u00a0\u00bb][\/vc_column][\/vc_row][vc_row][vc_column][vc_column_text]\n<h6><\/h6>\n<h6 style=\"text-align: center;\">Cr\u00e9dits et remerciements<\/h6>\n<h6 style=\"text-align: center;\"><\/h6>\n<h6 style=\"text-align: center;\">Mod\u00e8les: misstinguette Isabel Vitry, DL Stephanie, Anne Eyer &amp; Co<\/h6>\n<h6 style=\"text-align: center;\">model :mistigri Kev_Agnan<\/h6>\n<h6 style=\"text-align: center;\">Photographe : FX Lmn, R\u00e9mi Ithorotz, Jean Yves Lacour<\/h6>\n<h6 style=\"text-align: center;\">Styliste: A nos amours<\/h6>\n<h6 style=\"text-align: center;\">make up: campus des maquilleurs<\/h6>\n<h6><\/h6>\n<h6 style=\"text-align: center;\">2CV\/ La petite frenchie.paris<\/h6>\n<h5 style=\"text-align: center;\"><\/h5>\n[\/vc_column_text][\/vc_column][\/vc_row]\n<\/div>","protected":false},"excerpt":{"rendered":"<p>[vc_row et_full_width=\u00a0\u00bbtrue\u00a0\u00bb content_placement=\u00a0\u00bbmiddle\u00a0\u00bb css=\u00a0\u00bb.vc_custom_1573187171262{padding-top: 80px !important;padding-bottom: 80px !important;}\u00a0\u00bb][vc_column animation=\u00a0\u00bbanimation bottom-to-top\u00a0\u00bb offset=\u00a0\u00bbvc_col-lg-offset-1 vc_col-lg-4&Prime; css=\u00a0\u00bb.vc_custom_1573187307217{padding-top: 160px !important;}\u00a0\u00bb][vc_column_text el_class=\u00a0\u00bbpreline-large\u00a0\u00bb css=\u00a0\u00bb.vc_custom_1712516078776{margin-bottom: 80px !important;}\u00a0\u00bb] Lorsque \u00ab\u00a0L&rsquo;Accroche c\u0153ur\u00a0\u00bb le chapeau signature de votre modiste C\u00e9cile Descombes,\u00a0 f\u00eate son anniversaire dans une ambiance tr\u00e8s glamour, douce et l\u00e9g\u00e8re, il se retrouve sur toutes les t\u00eates de ses [&hellip;]<\/p>\n","protected":false},"author":1,"featured_media":0,"parent":5167,"menu_order":0,"comment_status":"closed","ping_status":"closed","template":"","meta":{"footnotes":""},"class_list":["post-5213","page","type-page","status-publish","hentry"],"_links":{"self":[{"href":"https:\/\/www.ceciledescombes.com\/index.php\/wp-json\/wp\/v2\/pages\/5213","targetHints":{"allow":["GET"]}}],"collection":[{"href":"https:\/\/www.ceciledescombes.com\/index.php\/wp-json\/wp\/v2\/pages"}],"about":[{"href":"https:\/\/www.ceciledescombes.com\/index.php\/wp-json\/wp\/v2\/types\/page"}],"author":[{"embeddable":true,"href":"https:\/\/www.ceciledescombes.com\/index.php\/wp-json\/wp\/v2\/users\/1"}],"replies":[{"embeddable":true,"href":"https:\/\/www.ceciledescombes.com\/index.php\/wp-json\/wp\/v2\/comments?post=5213"}],"version-history":[{"count":60,"href":"https:\/\/www.ceciledescombes.com\/index.php\/wp-json\/wp\/v2\/pages\/5213\/revisions"}],"predecessor-version":[{"id":5597,"href":"https:\/\/www.ceciledescombes.com\/index.php\/wp-json\/wp\/v2\/pages\/5213\/revisions\/5597"}],"up":[{"embeddable":true,"href":"https:\/\/www.ceciledescombes.com\/index.php\/wp-json\/wp\/v2\/pages\/5167"}],"wp:attachment":[{"href":"https:\/\/www.ceciledescombes.com\/index.php\/wp-json\/wp\/v2\/media?parent=5213"}],"curies":[{"name":"wp","href":"https:\/\/api.w.org\/{rel}","templated":true}]}}