{"id":5231,"date":"2024-04-06T14:54:02","date_gmt":"2024-04-06T12:54:02","guid":{"rendered":"https:\/\/www.ceciledescombes.com\/?page_id=5231"},"modified":"2024-04-24T21:58:06","modified_gmt":"2024-04-24T19:58:06","slug":"le-ballard","status":"publish","type":"page","link":"https:\/\/www.ceciledescombes.com\/index.php\/lookbook\/le-ballard\/","title":{"rendered":"Le \u00ab\u00a0Ballard\u00a0\u00bb"},"content":{"rendered":"<div class=\"wpb-content-wrapper\">[vc_row et_full_width=\u00a0\u00bbtrue\u00a0\u00bb content_placement=\u00a0\u00bbmiddle\u00a0\u00bb css=\u00a0\u00bb.vc_custom_1573187171262{padding-top: 80px !important;padding-bottom: 80px !important;}\u00a0\u00bb][vc_column animation=\u00a0\u00bbanimation bottom-to-top\u00a0\u00bb offset=\u00a0\u00bbvc_col-lg-offset-1 vc_col-lg-4&Prime; css=\u00a0\u00bb.vc_custom_1573187307217{padding-top: 160px !important;}\u00a0\u00bb][vc_column_text el_class=\u00a0\u00bbpreline-large\u00a0\u00bb css=\u00a0\u00bb.vc_custom_1712408027891{margin-bottom: 80px !important;}\u00a0\u00bb]\n<h1><span style=\"color: #f75d10;\">Le \u00ab\u00a0Ballard\u00a0\u00bb<\/span><\/h1>\n[\/vc_column_text]\t<div class=\"et-image-624 et-image     et_image_link\">\n\t\t<div class=\"et-image-inner \">\n\t\t\t\t\t\t\t<div class=\"et-image-thumb \">\n\t\t\t\t\t<img loading=\"lazy\" decoding=\"async\" width=\"1707\" height=\"2560\" src=\"https:\/\/www.ceciledescombes.com\/wp-content\/uploads\/2024\/03\/GIZ1393-GIZ.jpg-scaled.jpg\" class=\"attachment-full\" alt=\"\" title=\"_GIZ1393 GIZ.jpg\" srcset=\"https:\/\/www.ceciledescombes.com\/wp-content\/uploads\/2024\/03\/GIZ1393-GIZ.jpg-scaled.jpg 1707w, https:\/\/www.ceciledescombes.com\/wp-content\/uploads\/2024\/03\/GIZ1393-GIZ.jpg-200x300.jpg 200w, https:\/\/www.ceciledescombes.com\/wp-content\/uploads\/2024\/03\/GIZ1393-GIZ.jpg-683x1024.jpg 683w, https:\/\/www.ceciledescombes.com\/wp-content\/uploads\/2024\/03\/GIZ1393-GIZ.jpg-768x1152.jpg 768w, https:\/\/www.ceciledescombes.com\/wp-content\/uploads\/2024\/03\/GIZ1393-GIZ.jpg-1024x1536.jpg 1024w, https:\/\/www.ceciledescombes.com\/wp-content\/uploads\/2024\/03\/GIZ1393-GIZ.jpg-1365x2048.jpg 1365w, https:\/\/www.ceciledescombes.com\/wp-content\/uploads\/2024\/03\/GIZ1393-GIZ.jpg-100x150.jpg 100w, https:\/\/www.ceciledescombes.com\/wp-content\/uploads\/2024\/03\/GIZ1393-GIZ.jpg-450x675.jpg 450w, https:\/\/www.ceciledescombes.com\/wp-content\/uploads\/2024\/03\/GIZ1393-GIZ.jpg-900x1350.jpg 900w\" sizes=\"auto, (max-width: 1707px) 100vw, 1707px\" \/>\t\t\t\t<\/div>\n\t\t\t\t\t\t\t\t\t\t\t<\/div>\n\t<\/div>\n  [\/vc_column][vc_column et_column_color=\u00a0\u00bbet-light-column\u00a0\u00bb animation=\u00a0\u00bbanimation top-to-bottom\u00a0\u00bb offset=\u00a0\u00bbvc_col-lg-offset-1 vc_col-lg-5&Prime;]\r\n\t\t<div class=\"et-banner-69d2d3c2ef1c9 et-banner content-full  image-type-fluid text-color-light hover-effect hover-zoom \" ><img loading=\"lazy\" decoding=\"async\" width=\"1707\" height=\"2560\" src=\"https:\/\/www.ceciledescombes.com\/wp-content\/uploads\/2024\/03\/GIZ1365-GIZ.jpg-scaled.jpg\" class=\"et-banner-main-image\" alt=\"\" sizes=\"auto, (max-width: 1707px) 100vw, 1707px\" srcset=\"https:\/\/www.ceciledescombes.com\/wp-content\/uploads\/2024\/03\/GIZ1365-GIZ.jpg-scaled.jpg 1707w, https:\/\/www.ceciledescombes.com\/wp-content\/uploads\/2024\/03\/GIZ1365-GIZ.jpg-200x300.jpg 200w, https:\/\/www.ceciledescombes.com\/wp-content\/uploads\/2024\/03\/GIZ1365-GIZ.jpg-683x1024.jpg 683w, https:\/\/www.ceciledescombes.com\/wp-content\/uploads\/2024\/03\/GIZ1365-GIZ.jpg-768x1152.jpg 768w, https:\/\/www.ceciledescombes.com\/wp-content\/uploads\/2024\/03\/GIZ1365-GIZ.jpg-1024x1536.jpg 1024w, https:\/\/www.ceciledescombes.com\/wp-content\/uploads\/2024\/03\/GIZ1365-GIZ.jpg-1365x2048.jpg 1365w, https:\/\/www.ceciledescombes.com\/wp-content\/uploads\/2024\/03\/GIZ1365-GIZ.jpg-100x150.jpg 100w, https:\/\/www.ceciledescombes.com\/wp-content\/uploads\/2024\/03\/GIZ1365-GIZ.jpg-450x675.jpg 450w, https:\/\/www.ceciledescombes.com\/wp-content\/uploads\/2024\/03\/GIZ1365-GIZ.jpg-900x1350.jpg 900w\" \/>\r\n\t\t<\/div>[\/vc_column][\/vc_row][vc_row et_row_padding=\u00a0\u00bbtrue\u00a0\u00bb content_placement=\u00a0\u00bbmiddle\u00a0\u00bb css=\u00a0\u00bb.vc_custom_1712537674623{margin-bottom: 80px !important;background-color: #f75d10 !important;}\u00a0\u00bb][vc_column animation=\u00a0\u00bbanimation left-to-right\u00a0\u00bb offset=\u00a0\u00bbvc_col-lg-6&Prime;]\t<div class=\"et-image-185 et-image     et_image_link\">\n\t\t<div class=\"et-image-inner \">\n\t\t\t\t\t\t\t<div class=\"et-image-thumb \">\n\t\t\t\t\t<img loading=\"lazy\" decoding=\"async\" width=\"2560\" height=\"2560\" src=\"https:\/\/www.ceciledescombes.com\/wp-content\/uploads\/2024\/03\/GIZ1368-GIZ_2-scaled.jpg\" class=\"attachment-full\" alt=\"\" title=\"_GIZ1368 GIZ_2\" srcset=\"https:\/\/www.ceciledescombes.com\/wp-content\/uploads\/2024\/03\/GIZ1368-GIZ_2-scaled.jpg 2560w, https:\/\/www.ceciledescombes.com\/wp-content\/uploads\/2024\/03\/GIZ1368-GIZ_2-300x300.jpg 300w, https:\/\/www.ceciledescombes.com\/wp-content\/uploads\/2024\/03\/GIZ1368-GIZ_2-1024x1024.jpg 1024w, https:\/\/www.ceciledescombes.com\/wp-content\/uploads\/2024\/03\/GIZ1368-GIZ_2-150x150.jpg 150w, https:\/\/www.ceciledescombes.com\/wp-content\/uploads\/2024\/03\/GIZ1368-GIZ_2-768x768.jpg 768w, https:\/\/www.ceciledescombes.com\/wp-content\/uploads\/2024\/03\/GIZ1368-GIZ_2-1536x1536.jpg 1536w, https:\/\/www.ceciledescombes.com\/wp-content\/uploads\/2024\/03\/GIZ1368-GIZ_2-2048x2048.jpg 2048w, https:\/\/www.ceciledescombes.com\/wp-content\/uploads\/2024\/03\/GIZ1368-GIZ_2-450x450.jpg 450w, https:\/\/www.ceciledescombes.com\/wp-content\/uploads\/2024\/03\/GIZ1368-GIZ_2-900x900.jpg 900w, https:\/\/www.ceciledescombes.com\/wp-content\/uploads\/2024\/03\/GIZ1368-GIZ_2-100x100.jpg 100w\" sizes=\"auto, (max-width: 2560px) 100vw, 2560px\" \/>\t\t\t\t<\/div>\n\t\t\t\t\t\t\t\t\t\t\t\t\t<div class=\"et-image-content\">\n\t\t\t\t\t<div><\/div>\n\t\t\t\t<\/div>\n\t\t\t\t\t<\/div>\n\t<\/div>\n  [\/vc_column][vc_column et_column_color=\u00a0\u00bbet-light-column\u00a0\u00bb animation=\u00a0\u00bbanimation right-to-left\u00a0\u00bb offset=\u00a0\u00bbvc_col-lg-offset-1 vc_col-lg-3&Prime; css=\u00a0\u00bb.vc_custom_1555606234336{padding-top: 160px !important;padding-bottom: 160px !important;}\u00a0\u00bb][vc_column_text el_class=\u00a0\u00bbpreline-large\u00a0\u00bb]\n<h5><span style=\"color: #ffffff;\">\u00ab L&rsquo;\u00e9l\u00e9gance est la seule beaut\u00e9 qui ne se fane <span style=\"color: #ffffff;\">jamais.<\/span> \u00bb<\/span><\/h5>\n<p><span style=\"color: #ffffff;\">Audrey Hepbrun<\/span>[\/vc_column_text][\/vc_column][\/vc_row][vc_row et_full_width=\u00a0\u00bbtrue\u00a0\u00bb et_row_padding=\u00a0\u00bbtrue\u00a0\u00bb parallax=\u00a0\u00bbcontent-moving\u00a0\u00bb parallax_image=\u00a0\u00bb4514&Prime; css=\u00a0\u00bb.vc_custom_1712521904630{background: #c4c4cd url(https:\/\/goya.everthemes.com\/demo-fashion\/wp-content\/uploads\/sites\/3\/2019\/04\/look-country8.jpg?id=1402);}\u00a0\u00bb][vc_column animation=\u00a0\u00bbanimation bottom-to-top\u00a0\u00bb][vc_row_inner content_placement=\u00a0\u00bbbottom\u00a0\u00bb css=\u00a0\u00bb.vc_custom_1555559817958{padding-top: 400px !important;padding-bottom: 80px !important;}\u00a0\u00bb][vc_column_inner et_column_color=\u00a0\u00bbet-light-column\u00a0\u00bb offset=\u00a0\u00bbvc_col-md-6&Prime;][vc_column_text el_class=\u00a0\u00bbpreline-large\u00a0\u00bb css=\u00a0\u00bb.vc_custom_1712691876134{background-color: rgba(0,0,0,0.01) !important;*background-color: rgb(0,0,0) !important;}\u00a0\u00bb]\n<h5><span style=\"color: #f75d10;\">\u00ab Le style est une mani\u00e8re de dire qui vous \u00eates sans parler. \u00bb<\/span><\/h5>\n<p><span style=\"color: #ffffff;\"> Rachel Zoe<\/span>[\/vc_column_text][\/vc_column_inner][\/vc_row_inner][vc_empty_space][vc_empty_space][\/vc_column][\/vc_row][vc_row][vc_column][vc_empty_space][vc_empty_space][vc_column_text]\n<h6 style=\"text-align: center;\">Remerciements et cr\u00e9dits<\/h6>\n<h6 style=\"text-align: center;\"><\/h6>\n<h6 style=\"text-align: center;\">Misstinguette: Nolwenn<\/h6>\n<h6 style=\"text-align: center;\">Photographe : R\u00e9mi Ithorotz,<\/h6>\n<h6 style=\"text-align: center;\"><\/h6>\n[\/vc_column_text][\/vc_column][\/vc_row]\n<\/div>","protected":false},"excerpt":{"rendered":"<p>[vc_row et_full_width=\u00a0\u00bbtrue\u00a0\u00bb content_placement=\u00a0\u00bbmiddle\u00a0\u00bb css=\u00a0\u00bb.vc_custom_1573187171262{padding-top: 80px !important;padding-bottom: 80px !important;}\u00a0\u00bb][vc_column animation=\u00a0\u00bbanimation bottom-to-top\u00a0\u00bb offset=\u00a0\u00bbvc_col-lg-offset-1 vc_col-lg-4&Prime; css=\u00a0\u00bb.vc_custom_1573187307217{padding-top: 160px !important;}\u00a0\u00bb][vc_column_text el_class=\u00a0\u00bbpreline-large\u00a0\u00bb css=\u00a0\u00bb.vc_custom_1712408027891{margin-bottom: 80px !important;}\u00a0\u00bb] Le \u00ab\u00a0Ballard\u00a0\u00bb [\/vc_column_text][\/vc_column][vc_column et_column_color=\u00a0\u00bbet-light-column\u00a0\u00bb animation=\u00a0\u00bbanimation top-to-bottom\u00a0\u00bb offset=\u00a0\u00bbvc_col-lg-offset-1 vc_col-lg-5&Prime;][\/vc_column][\/vc_row][vc_row et_row_padding=\u00a0\u00bbtrue\u00a0\u00bb content_placement=\u00a0\u00bbmiddle\u00a0\u00bb css=\u00a0\u00bb.vc_custom_1712537674623{margin-bottom: 80px !important;background-color: #f75d10 !important;}\u00a0\u00bb][vc_column animation=\u00a0\u00bbanimation left-to-right\u00a0\u00bb offset=\u00a0\u00bbvc_col-lg-6&Prime;][\/vc_column][vc_column et_column_color=\u00a0\u00bbet-light-column\u00a0\u00bb animation=\u00a0\u00bbanimation right-to-left\u00a0\u00bb offset=\u00a0\u00bbvc_col-lg-offset-1 vc_col-lg-3&Prime; css=\u00a0\u00bb.vc_custom_1555606234336{padding-top: 160px !important;padding-bottom: 160px !important;}\u00a0\u00bb][vc_column_text el_class=\u00a0\u00bbpreline-large\u00a0\u00bb] \u00ab L&rsquo;\u00e9l\u00e9gance [&hellip;]<\/p>\n","protected":false},"author":1,"featured_media":0,"parent":5167,"menu_order":0,"comment_status":"closed","ping_status":"closed","template":"","meta":{"footnotes":""},"class_list":["post-5231","page","type-page","status-publish","hentry"],"_links":{"self":[{"href":"https:\/\/www.ceciledescombes.com\/index.php\/wp-json\/wp\/v2\/pages\/5231","targetHints":{"allow":["GET"]}}],"collection":[{"href":"https:\/\/www.ceciledescombes.com\/index.php\/wp-json\/wp\/v2\/pages"}],"about":[{"href":"https:\/\/www.ceciledescombes.com\/index.php\/wp-json\/wp\/v2\/types\/page"}],"author":[{"embeddable":true,"href":"https:\/\/www.ceciledescombes.com\/index.php\/wp-json\/wp\/v2\/users\/1"}],"replies":[{"embeddable":true,"href":"https:\/\/www.ceciledescombes.com\/index.php\/wp-json\/wp\/v2\/comments?post=5231"}],"version-history":[{"count":29,"href":"https:\/\/www.ceciledescombes.com\/index.php\/wp-json\/wp\/v2\/pages\/5231\/revisions"}],"predecessor-version":[{"id":5616,"href":"https:\/\/www.ceciledescombes.com\/index.php\/wp-json\/wp\/v2\/pages\/5231\/revisions\/5616"}],"up":[{"embeddable":true,"href":"https:\/\/www.ceciledescombes.com\/index.php\/wp-json\/wp\/v2\/pages\/5167"}],"wp:attachment":[{"href":"https:\/\/www.ceciledescombes.com\/index.php\/wp-json\/wp\/v2\/media?parent=5231"}],"curies":[{"name":"wp","href":"https:\/\/api.w.org\/{rel}","templated":true}]}}