{"id":5631,"date":"2024-05-05T08:52:24","date_gmt":"2024-05-05T06:52:24","guid":{"rendered":"https:\/\/www.ceciledescombes.com\/?page_id=5631"},"modified":"2024-05-05T16:51:32","modified_gmt":"2024-05-05T14:51:32","slug":"prix-de-diane","status":"publish","type":"page","link":"https:\/\/www.ceciledescombes.com\/index.php\/prix-de-diane\/","title":{"rendered":"Prix de Diane"},"content":{"rendered":"<div class=\"wpb-content-wrapper\">[vc_row][vc_column][vc_column_text]\n<h1 style=\"text-align: center;\">Prix de Diane<\/h1>\n<p style=\"text-align: center;\"><b>Le Prix de Diane Longines est un concours hippique qui a lieu, tous les ans \u00e0 la mi-juin, \u00e0 l&rsquo;hippodrome de Chantilly<\/b>.<\/p>\n<p style=\"text-align: center;\">Aussi connu pour sa course de pouliches que pour son concours d&rsquo;\u00e9l\u00e9gance, son pique-nique chic et son ambiance Garden Party, l&rsquo;\u00e9v\u00e9nement est un incontournable de la saison estivale !<\/p>\n[\/vc_column_text][\/vc_column][\/vc_row][vc_row][vc_column width=\u00a0\u00bb1\/2&Prime;]\t\n\t<div class=\"et-hovercard-69f261496ac3e animation fade et-hovercard \">\n\t\t\t\t<div class=\"et-hovercard-front et-hovercard-side\">\n\t\t\t<div class=\"et-hovercard-inner\">\n\t\t\t\t<h3 class=\"et-pricing-head\"><\/h3>\n\t\t\t<\/div>\n\t\t<\/div>\n\t\t<div class=\"et-hovercard-back et-hovercard-side\">\n\t\t\t<div class=\"et-hovercard-inner\">\n\t\t\t\t\t\t\t\t<h3 class=\"et-pricing-head\">\u00c9dition 2023<\/h3>\n\t\t\t\t\t\t\t<\/div>\n\t\t<\/div>\n\t\t\n\t<\/div>\n\t[\/vc_column][vc_column width=\u00a0\u00bb1\/2&Prime;]\t\n\t<div class=\"et-hovercard-69f261496b252 animation fade et-hovercard \">\n\t\t\t\t<div class=\"et-hovercard-front et-hovercard-side\">\n\t\t\t<div class=\"et-hovercard-inner\">\n\t\t\t\t<h3 class=\"et-pricing-head\"><\/h3>\n\t\t\t<\/div>\n\t\t<\/div>\n\t\t<div class=\"et-hovercard-back et-hovercard-side\">\n\t\t\t<div class=\"et-hovercard-inner\">\n\t\t\t\t\t\t\t\t<h3 class=\"et-pricing-head\">\u00c9dition 2022<\/h3>\n\t\t\t\t\t\t\t<\/div>\n\t\t<\/div>\n\t\t\n\t<\/div>\n\t[\/vc_column][\/vc_row][vc_row][vc_column][vc_empty_space][vc_column_text]\n<p style=\"text-align: center;\">Accompagn\u00e9e de ses Misstinguettes, C\u00e9cile Descombes, votre modiste de Saint-Germain des Pr\u00e9s, a \u00e9t\u00e9 r\u00e9compens\u00e9e \u00e0 quatre reprises au fil des \u00e9ditions, sur le podium du concours d&rsquo;\u00e9l\u00e9gance. Ses chapeaux Haute Couture ont fait sensation et repr\u00e9sentaient \u00e0 merveille l&rsquo;esprit du Prix de Diane !<\/p>\n[\/vc_column_text][\/vc_column][\/vc_row][vc_row][vc_column width=\u00a0\u00bb1\/2&Prime;]\t\n\t<div class=\"et-hovercard-69f261496b67b animation fade et-hovercard \">\n\t\t\t\t<div class=\"et-hovercard-front et-hovercard-side\">\n\t\t\t<div class=\"et-hovercard-inner\">\n\t\t\t\t<h3 class=\"et-pricing-head\"><\/h3>\n\t\t\t<\/div>\n\t\t<\/div>\n\t\t<div class=\"et-hovercard-back et-hovercard-side\">\n\t\t\t<div class=\"et-hovercard-inner\">\n\t\t\t\t\t\t\t\t<h3 class=\"et-pricing-head\">\u00c9dition 2019<\/h3>\n\t\t\t\t\t\t\t<\/div>\n\t\t<\/div>\n\t\t\n\t<\/div>\n\t[\/vc_column][vc_column width=\u00a0\u00bb1\/2&Prime;]\t\n\t<div class=\"et-hovercard-69f261496ba80  et-hovercard \">\n\t\t\t\t<div class=\"et-hovercard-front et-hovercard-side\">\n\t\t\t<div class=\"et-hovercard-inner\">\n\t\t\t\t<h3 class=\"et-pricing-head\"><\/h3>\n\t\t\t<\/div>\n\t\t<\/div>\n\t\t<div class=\"et-hovercard-back et-hovercard-side\">\n\t\t\t<div class=\"et-hovercard-inner\">\n\t\t\t\t\t\t\t\t<h3 class=\"et-pricing-head\">\u00c9dition 2018<\/h3>\n\t\t\t\t\t\t\t<\/div>\n\t\t<\/div>\n\t\t\n\t<\/div>\n\t[\/vc_column][\/vc_row]\n<\/div>","protected":false},"excerpt":{"rendered":"<p>[vc_row][vc_column][vc_column_text] Prix de Diane Le Prix de Diane Longines est un concours hippique qui a lieu, tous les ans \u00e0 la mi-juin, \u00e0 l&rsquo;hippodrome de Chantilly. Aussi connu pour sa course de pouliches que pour son concours d&rsquo;\u00e9l\u00e9gance, son pique-nique chic et son ambiance Garden Party, l&rsquo;\u00e9v\u00e9nement est un incontournable [&hellip;]<\/p>\n","protected":false},"author":1,"featured_media":0,"parent":0,"menu_order":0,"comment_status":"closed","ping_status":"closed","template":"","meta":{"footnotes":""},"class_list":["post-5631","page","type-page","status-publish","hentry"],"_links":{"self":[{"href":"https:\/\/www.ceciledescombes.com\/index.php\/wp-json\/wp\/v2\/pages\/5631","targetHints":{"allow":["GET"]}}],"collection":[{"href":"https:\/\/www.ceciledescombes.com\/index.php\/wp-json\/wp\/v2\/pages"}],"about":[{"href":"https:\/\/www.ceciledescombes.com\/index.php\/wp-json\/wp\/v2\/types\/page"}],"author":[{"embeddable":true,"href":"https:\/\/www.ceciledescombes.com\/index.php\/wp-json\/wp\/v2\/users\/1"}],"replies":[{"embeddable":true,"href":"https:\/\/www.ceciledescombes.com\/index.php\/wp-json\/wp\/v2\/comments?post=5631"}],"version-history":[{"count":26,"href":"https:\/\/www.ceciledescombes.com\/index.php\/wp-json\/wp\/v2\/pages\/5631\/revisions"}],"predecessor-version":[{"id":5660,"href":"https:\/\/www.ceciledescombes.com\/index.php\/wp-json\/wp\/v2\/pages\/5631\/revisions\/5660"}],"wp:attachment":[{"href":"https:\/\/www.ceciledescombes.com\/index.php\/wp-json\/wp\/v2\/media?parent=5631"}],"curies":[{"name":"wp","href":"https:\/\/api.w.org\/{rel}","templated":true}]}}