{"id":4724,"date":"2024-03-10T22:32:16","date_gmt":"2024-03-10T21:32:16","guid":{"rendered":"https:\/\/www.ceciledescombes.com\/?post_type=product&#038;p=4724"},"modified":"2024-03-10T22:46:33","modified_gmt":"2024-03-10T21:46:33","slug":"carte-cadeau-2","status":"publish","type":"product","link":"https:\/\/www.ceciledescombes.com\/index.php\/product\/carte-cadeau-2\/","title":{"rendered":"carte cadeau"},"content":{"rendered":"<p>Faites plaisir \u00e0 vos proches avec une carte cadeau leur permettant de choisir parmi une s\u00e9lection de chapeaux \u00e9l\u00e9gants et tendance chez votre modiste Cecile Descombes.<\/p>\n<p>Offrez-leur l&rsquo;exp\u00e9rience unique d&rsquo;un shopping raffin\u00e9 dans sa boutique Parisienne .<\/p>\n<p>&nbsp;<\/p>\n","protected":false},"excerpt":{"rendered":"<p>Faites plaisir \u00e0 vos proches avec une carte cadeau leur permettant de choisir parmi une s\u00e9lection de chapeaux \u00e9l\u00e9gants et tendance chez votre modiste Cecile Descombes. Offrez-leur l&rsquo;exp\u00e9rience unique d&rsquo;un shopping raffin\u00e9 dans sa boutique Parisienne . &nbsp;<\/p>\n","protected":false},"featured_media":4577,"comment_status":"open","ping_status":"closed","template":"","meta":[],"product_brand":[],"product_cat":[138],"product_tag":[],"class_list":{"0":"post-4724","1":"product","2":"type-product","3":"status-publish","4":"has-post-thumbnail","6":"product_cat-carte-cadeau","8":"first","9":"instock","10":"shipping-taxable","11":"purchasable","12":"product-type-simple"},"_links":{"self":[{"href":"https:\/\/www.ceciledescombes.com\/index.php\/wp-json\/wp\/v2\/product\/4724","targetHints":{"allow":["GET"]}}],"collection":[{"href":"https:\/\/www.ceciledescombes.com\/index.php\/wp-json\/wp\/v2\/product"}],"about":[{"href":"https:\/\/www.ceciledescombes.com\/index.php\/wp-json\/wp\/v2\/types\/product"}],"replies":[{"embeddable":true,"href":"https:\/\/www.ceciledescombes.com\/index.php\/wp-json\/wp\/v2\/comments?post=4724"}],"wp:featuredmedia":[{"embeddable":true,"href":"https:\/\/www.ceciledescombes.com\/index.php\/wp-json\/wp\/v2\/media\/4577"}],"wp:attachment":[{"href":"https:\/\/www.ceciledescombes.com\/index.php\/wp-json\/wp\/v2\/media?parent=4724"}],"wp:term":[{"taxonomy":"product_brand","embeddable":true,"href":"https:\/\/www.ceciledescombes.com\/index.php\/wp-json\/wp\/v2\/product_brand?post=4724"},{"taxonomy":"product_cat","embeddable":true,"href":"https:\/\/www.ceciledescombes.com\/index.php\/wp-json\/wp\/v2\/product_cat?post=4724"},{"taxonomy":"product_tag","embeddable":true,"href":"https:\/\/www.ceciledescombes.com\/index.php\/wp-json\/wp\/v2\/product_tag?post=4724"}],"curies":[{"name":"wp","href":"https:\/\/api.w.org\/{rel}","templated":true}]}}